{"id":3,"date":"2021-05-10T18:08:36","date_gmt":"2021-05-10T16:08:36","guid":{"rendered":"https:\/\/www.tenutasansavinodellerocchette.it\/sito2\/?page_id=3"},"modified":"2021-05-12T16:58:09","modified_gmt":"2021-05-12T14:58:09","slug":"privacy-policy","status":"publish","type":"page","link":"https:\/\/www.tenutasansavinodellerocchette.it\/en\/privacy-policy\/","title":{"rendered":"Privacy policy"},"content":{"rendered":"<div class=\"wpb-content-wrapper\"><p>[vc_row css=&#8221;.vc_custom_1620828339634{margin-top: 50px !important;margin-bottom: 50px !important;}&#8221;][vc_column][vc_column_text]<\/p>\n<h3>Normativa sulla privacy e note legali<\/h3>\n<p>Gentile utente, in questa pagina trovi tutte le informazioni su ci\u00f2 che facciamo dei tuoi dati quando:<\/p>\n<ul>\n<li>navighi questo sito web;<\/li>\n<li>ti iscrivi alla nostra newsletter (in cui \u00e8 richiesto il tuo indirizzo email);<\/li>\n<li>compili il modulo di richiesta contatto (in cui sono richiesti nome, cognome, indirizzo email, citt\u00e0, nome dell&#8217;azienda ed eventuale numero di telefono).<\/li>\n<\/ul>\n<p>Il trattamento dei dati, qui sotto spiegato nel dettaglio, rispetta i principi fissati dall&#8217;articolo 5 del Regolamento (UE) 2016\/679. Il titolare del sito conferma pertanto di rispettare il principio di responsabilizzazione (o accountability), dove si afferma che, come riportato dal Garante Per La Protezione Dei Dati, il titolare mette in atto tecniche adeguate per garantire e dimostrare che il trattamento \u00e8 effettuato conformemente al regolamento europeo.<\/p>\n<h3>Link utili<\/h3>\n<ul>\n<li><a href=\"https:\/\/www.garanteprivacy.it\/web\/guest\" target=\"_blank\" rel=\"noopener\"><u>Sito web del Garante Per La Protezione Dei Dati<\/u><\/a><\/li>\n<li><a href=\"https:\/\/www.garanteprivacy.it\/web\/guest\/regolamentoue\/approccio-basato-sul-rischio-e-misure-di-accountability-responsabilizzazione-di-titolari-e-responsabili\" target=\"_blank\" rel=\"noopener\"><u>Rischi e misure di Accountability<\/u><\/a><\/li>\n<li><a href=\"https:\/\/www.garanteprivacy.it\/regolamentoue\" target=\"_blank\" rel=\"noopener\"><u>Testo integrale del Regolamento (UE) 2016\/679<\/u><\/a><\/li>\n<\/ul>\n<h3>Titolare del trattamento dati<\/h3>\n<p>Il titolare del trattamento dei dati relativi a persone \u00e8 <span class=\"c-theme-font\"><strong>Tenuta San Savino delle Rocchette.<\/strong><\/span><br \/>\n<span class=\"c-theme-font\">Sede: Vocabolo San Savino 15 \u2013 Calvi dell\u2019Umbria (TR)<\/span><br \/>\n<span class=\"c-theme-font\">Email: info@tenutasansavinodellerocchette.it<\/span><\/p>\n<h3>Quante e quali persone possono avere accesso ai tuoi dati?<\/h3>\n<p>Quando navighi il sito <a href=\"https:\/\/www.tenutasansavinodellerocchette.it\"><span class=\"c-theme-font\"><strong>www.tenutasansavinodellerocchette.it<\/strong><\/span><\/a> e accetti l&#8217;informativa nella finestra pop-up, raccogliamo <span class=\"c-theme-font\"><strong>dati di navigazione<\/strong><\/span> con lo strumento Google Analytics. Tali dati vengono raccolti durante tutto il tempo di navigazione e in ogni pagina del sito. Si chiamano dati di navigazione perch\u00e8 impliciti nell&#8217;accesso tramite un qualunque browser. Nel dettaglio, questi dati comprendono:<\/p>\n<ul>\n<li>indirizzo IP;<\/li>\n<li>nomi a dominio;<\/li>\n<li>indirizzi di notazione URI (Uniform Resource Identifier);<\/li>\n<li>informazioni relative alla data e all&#8217;orario di navigazione;<\/li>\n<li>informazioni su richieste e comunicazioni con il server;<\/li>\n<li>informazioni legate al browser, sistema operativo utilizzato e al dispositivo (ambiente informatico).<\/li>\n<\/ul>\n<h3>Fini e utilizzo dei dati di navigazione<\/h3>\n<p><span class=\"c-theme-font\"><strong>Tenuta San Savino delle Rocchette<\/strong><\/span> utilizza i dati di navigazione esclusivamente a fini statistici, utili per misurare le performance e il corretto funzionamento del sito. Le informazioni anonime ottenute da Google Analytics permettono inoltre di migliorare aspetti grafici e di contenuto, e di migliorare, di conseguenza, la comunicazione dell&#8217;azienda.<\/p>\n<h3><span class=\"c-theme-font\">Ulteriori informazioni sui Dati Personali<\/span><\/h3>\n<p>Informativa ex art. 13 D.Lgs. 196\/2003 e art. 13 GDPR 679\/2016<br \/>\nQuesta informativa \u00e8 resa ai sensi dell&#8217;art. 13 del D.Lgs. n.196\/2003 (Codice in materia di protezione dei dati personali) e dell&#8217;art. 13 GDPR 679\/2016<br \/>\n(regolamento europeo sulla protezione dei dati personali)<\/p>\n<h2 class=\"c-theme-font c-title c-font-25 c-font-uppercase c-font-bold\">Cookie Policy<\/h2>\n<h3>Cookie: cosa sono, a cosa servono e cosa se ne fa\u00a0<span class=\"c-theme-font\">&#8220;Tenuta San Savino delle Rocchette&#8221;<\/span><\/h3>\n<p class=\"normaltextlegali\">Un cookie \u00e8 un&#8217;informazione che un sito web comunica ad un browser durante la navigazione del sito stesso. Questa informazione viene memorizzata sul computer e permette di migliorare le prestazioni di navigazione. Tecnicamente, si tratta di una porzione (o stringa) di codice che assiste il titolare di un sito web nella corretta e pi\u00f9 efficiente erogazione del servizio. Alcuni cookie richiedono il consenso esplicito dell&#8217;utente, e tale consenso pu\u00f2 essere revocato in qualsiasi momento modificando le impostazioni del browser (di seguito elencate). Esistono diverse tipologie di Cookie, tra questi, quelli utilizzati da <span class=\"c-theme-font\"><strong>&#8220;Tenuta San Savino delle Rocchette&#8221;\u00a0<\/strong><\/span>si dividono tra cookie tecnici e analitici, e cookie di terze parti.<\/p>\n<h3><span class=\"c-theme-font\">Cookie tecnici e analitici<\/span><\/h3>\n<p class=\"normaltextlegali\">Rientrano in questa famiglia i cookie che raccolgono dati utili per elaborare analisi statistiche sugli utenti e sulle relative modalit\u00e0 e tempistiche di navigazione. Questi permettono di conoscere, ad esempio, quando una persona anonima naviga il sito, con quale dispositivo naviga, su quanto tempo resta sulle pagine web e sulle azioni che compie (clic, chiusura di pagina, scroll, download).\u00a0<span class=\"c-theme-font\"><strong>&#8220;Tenuta San Savino delle Rocchette&#8221;<\/strong><\/span>\u00a0analizza questi dati tramite lo strumento Google Analytics.<\/p>\n<h3><span class=\"c-theme-font\">Cookie di terze parti<\/span><\/h3>\n<p class=\"normaltextlegali\">Come da nome, i cookie di terze parti vengono raccolti e utilizzati da societ\u00e0 terze. Si tratta di informazioni raccolte durante le sessioni di navigazione, durante le quali si passa dai social network a siti eCommerce, o talvolta da annunci pubblicitari presenti in rete a precise pagine web. La raccolta di questi dati, che pu\u00f2 riguardare anche attivit\u00e0 di tracciamento dell&#8217;utente, ha solitamente un fine commerciale e si concretizza in attivit\u00e0 di marketing (come remarketing e retargeting).<\/p>\n<h3><span class=\"c-theme-font\">Come si disattivano i cookie?<\/span><\/h3>\n<p class=\"normaltextlegali\">Ogni browser permette di gestire o disabilitare i cookie tramite un&#8217;apposita sezione. La disattivazione potrebbe tuttavia causare malfunzionamenti su alcuni siti web. Il sito di <span class=\"c-theme-font\"><strong>&#8220;Tenuta San Savino delle Rocchette&#8221;<\/strong><\/span>, al contrario, funziona correttamente anche se si decide di disattivare i cookie o di navigare in modalit\u00e0 anonima. Solitamente, le impostazioni relative alla gestione e alla disabilitazione dei cookie si trovano nell&#8217;area <span class=\"c-theme-font\"><strong>men\u00f9, opzioni o preferenze <\/strong><\/span>di qualsiasi browser, e questo vale sia per i dispositivi fissi che mobili. Ecco i link diretti per modificare le impostazioni dei principali browser:<\/p>\n<ul>\n<li><a href=\"https:\/\/support.google.com\/chrome\/answer\/95647?co=GENIE.Platform=Desktop&amp;hl=it\" target=\"_blank\" rel=\"noopener\"><u>Google Chrome da Desktop<\/u><\/a><\/li>\n<li><a href=\"https:\/\/support.google.com\/chrome\/answer\/95647?hl=it&amp;co=GENIE.Platform=Android\" target=\"_blank\" rel=\"noopener\"><u>Google Chrome su Android<\/u><\/a><\/li>\n<li><a href=\"https:\/\/support.google.com\/chrome\/answer\/95647?hl=it&amp;co=GENIE.Platform=iOS&amp;oco=0\" target=\"_blank\" rel=\"noopener\"><u>Google Chrome su iPhone e iPad<\/u><\/a><\/li>\n<li><a href=\"https:\/\/support.microsoft.com\/it-it\/help\/4027947\/windows-delete-cookies\" target=\"_blank\" rel=\"noopener\"><u>Microsoft Edge da Desktop<\/u><\/a><\/li>\n<li><a href=\"https:\/\/support.mozilla.org\/it\/kb\/Eliminare%20i%20cookie\" target=\"_blank\" rel=\"noopener\"><u>Mozilla da Desktop<\/u><\/a><\/li>\n<li><a href=\"https:\/\/support.mozilla.org\/it\/kb\/cancellare-dati-personali-firefox-android\" target=\"_blank\" rel=\"noopener\"><u>Mozilla su Android<\/u><\/a><\/li>\n<li><a href=\"https:\/\/support.mozilla.org\/it\/kb\/cancellare-cronologia-firefox-ios\" target=\"_blank\" rel=\"noopener\"><u>Mozilla su Iphone<\/u><\/a><\/li>\n<li><a href=\"https:\/\/www.opera.com\/help\/tutorials\/security\/privacy\/\" target=\"_blank\" rel=\"noopener\"><u>Opera da Desktop<\/u><\/a><\/li>\n<li><a href=\"https:\/\/support.apple.com\/it-it\/guide\/safari\/sfri11471\/mac\" target=\"_blank\" rel=\"noopener\"><u>Safari da Desktop<\/u><\/a><\/li>\n<li><a href=\"https:\/\/support.apple.com\/it-it\/ht201265\" target=\"_blank\" rel=\"noopener\"><u>Safari da Mobile<\/u><\/a><\/li>\n<\/ul>\n<h3><span class=\"c-theme-font\">Dati di acquisizione<\/span><\/h3>\n<p>I dati di acquisizione riguardano tutte le informazioni fornite da form di contatto, moduli di iscrizione email e cookie installati nel sito che utilizziamo per attivit\u00e0 analitiche e per ottimizzare iniziate pubblicitarie. Nel seguente elenco sono evidenziati tutti i metodi e i cookie con i quali otteniamo informazioni.<\/p>\n<h3><span class=\"c-theme-font\">Form di contatto<\/span><\/h3>\n<p>Nella pagina contatti e talvolta in altre pagine del sito web trovi un modulo di richiesta contatto. In questo sono richieste informazioni personali come nome, indirizzo email e altri dati, che richiediamo unicamente per fornirti risposte e supporto in modo pi\u00f9 rapido ed esauriente.<\/p>\n<p>In questo form l&#8217;invio delle informazioni \u00e8 volontario e pu\u00f2 essere evitato, semplicemente, scegliendo di contattarci con un altro canale (ad esempio telefonicamente). I dati inseriti spontaneamente vengono copiati in una email che riceviamo automaticamente e teniamo salvata nelle nostri client di posta elettronica, tra cui: Mail, Gmail e Thunderbird.<\/p>\n<h3><span class=\"c-theme-font\">Iscrizione alla Newsletter<\/span><\/h3>\n<p>Per l&#8217;iscrizione alla newsletter di <span class=\"c-theme-font\"><strong>&#8220;Tenuta San Savino delle Rocchette&#8221;<\/strong><\/span>\u00a0non richiede alcuna informazione al di fuori dell&#8217;indirizzo email. Non svolgiamo dunque alcuna attivit\u00e0 di segmentazione degli iscritti. L&#8217;inserimento dell&#8217;indirizzo email \u00e8 facoltativo e volontario. Gli indirizzi che riceviamo vengono inseriti in un un database dello strumento di invio newsletter <span class=\"c-theme-font\"><strong>MailChimp<\/strong><\/span>. A questo link puoi consultare l&#8217;informativa e le modalit\u00e0 con cui <a href=\"https:\/\/mailchimp.com\/legal\/privacy\/\" target=\"_blank\" rel=\"noopener\"><u>MailChimp<\/u><\/a> protegge i tuoi dati.<\/p>\n<p>Il database creato su MailChimp non viene venduto, ceduto o mostrato ad alcuna persona. Viene talvolta esportato nei formati consentiti dall&#8217;applicazione per consultazioni interne o per la creazione di <span class=\"c-theme-font\"><strong>pubblici personalizzati su Facebook <\/strong><\/span>(che rimangono sempre anonimi). Per saperne di pi\u00f9 puoi consultare le <a href=\"https:\/\/www.facebook.com\/about\/basics\/manage-your-privacy\" target=\"_blank\" rel=\"noopener\"><u>informazioni di base sulla privacy<\/u><\/a> e <a href=\"https:\/\/www.facebook.com\/policy.php\" target=\"_blank\" rel=\"noopener\"><u>la normativa sui dati di Facebook<\/u><\/a>.<\/p>\n<h3><span class=\"c-theme-font\">Quali cookie sono utilizzati da questo sito<\/span><\/h3>\n<p>Navigando il sito <a href=\"https:\/\/www.tenutasansavinodellerocchette.it\"><span class=\"c-theme-font\"><strong>www.tenutasansavinodellerocchette.it<\/strong><\/span><\/a>\u00a0incontrerai diversi tipi di cookie, da quelli utilizzati dal browser a quelli di cui questo sito si avvale, come cookie tecnici di terze parti come <span class=\"c-theme-font\"><strong>Google Analytics, Facebook e Mail Chimp<\/strong><\/span>. Qui di seguito riportiamo le informazioni di ogni cookie di terze parti che utilizziamo.<\/p>\n<h3><span class=\"c-theme-font\">Google Analytics<\/span><\/h3>\n<p>Google Analytics \u00e8 uno strumento di analisi fornito da Google e utilizzato da gestori e proprietari di siti web per monitorare le performance degli stessi. Come riportato nella pagina <span class=\"c-theme-font\"><strong>Privacy e termini di Google<\/strong><\/span>, <i>Questo servizio potrebbe utilizzare un insieme di cookie per raccogliere informazioni e generare statistiche sull&#8217;;utilizzo dei siti web senza fornire informazioni personali sui singoli visitatori a Google. Il cookie principale utilizzato da Google Analytics \u00e8 &#8220;__ga\u201d<\/i>.<\/p>\n<p>Inoltre, il servizio Google Analytics, <i>oltre a fornire le statistiche di utilizzo del sito web, pu\u00f2 essere anche usato insieme ad alcuni dei cookies pubblicitari al fine di mostrare inserzioni pi\u00f9 pertinenti su altri prodotti di Google (come Google Search) ma in generale su tutto il web, e di misurare le interazioni con gli annunci che vengono mostrati<\/i>.<\/p>\n<p>Leggi ulteriori informazioni sui <a href=\"https:\/\/policies.google.com\/technologies\/types?hl=it\" target=\"_blank\" rel=\"noopener\"><u>cookie utilizzati da Google<\/u><\/a> e sull&#8217;informativa per la <a href=\"https:\/\/support.google.com\/analytics\/answer\/6004245\" target=\"_blank\" rel=\"noopener\"><u>privacy policy di Google Analytics<\/u><\/a>.<\/p>\n<h3><span class=\"c-theme-font\">Mail Chimp<\/span><\/h3>\n<p>Mail Chimp \u00e8 una piattaforma di marketing online di propriet\u00e0 di The Rocket Science Group LLC (USA, Stato della Georgia). Mail Chimp utilizza cookie e altre tecnologie di tracciamento per raccogliere ed elaborare informazioni personali sugli utenti.<\/p>\n<p>A questo link trovi tutto ci\u00f2 che riguarda l&#8217;utilizzo dei cookie da parte della piattaforma: <a href=\"https:\/\/mailchimp.com\/legal\/cookies\/\" target=\"_blank\" rel=\"noopener\"><u>https:\/\/mailchimp.com\/legal\/cookies\/<\/u><\/a><\/p>\n<h3><span class=\"c-theme-font\">Facebook<\/span><\/h3>\n<p>I cookie utilizzati da Facebook raccolgono informazioni di persone che:<\/p>\n<ul>\n<li>dispongono di un account Facebook;<\/li>\n<li>utilizzano prodotti di Facebook (compresi sito web e app);<\/li>\n<li>visitano siti web e app che usano prodotti di Facebook (come pulsante &#8220;Mi piace&#8221; o tecnologie di Facebook o ad esso collegate).<\/li>\n<\/ul>\n<p>I cookie raccolti permettono a Facebook di offrire prodotti e informazioni pertinenti, o di migliorarne la precisione e le performance.<\/p>\n<p>Per maggiori informazioni, leggi la <a href=\"https:\/\/www.facebook.com\/about\/privacy\/update\" target=\"_blank\" rel=\"noopener\"><u>normativa sui dati di Facebook<\/u><\/a>.<\/p>\n<h3><span class=\"c-theme-font\">Cookie tecnici e di statistica aggregata<\/span><\/h3>\n<p>Alcune applicazioni utilizzano cookie per memorizzare i dati di navigazione o per migliorare le performance di una sessione o, ancora, per svolgere attivit\u00e0 tecnica correlate al corretto funzionamento dell&#8217;applicazione stessa.<\/p>\n<h3><span class=\"c-theme-font\">Cookie di salvataggio delle Preferenze<\/span><\/h3>\n<p>Alcuni cookie vengono utilizzati per memorizzare le preferenze di navigazione e migliorare, sia in termini di velocit\u00e0 che praticit\u00e0, l&#8217;esperienza di utilizzo e navigazione da parte dell&#8217;utente. Tali cookie riguardano, talvolta, le impostare di geolocalizzazine, lingua, valuta o memorizzazione del link al sito web.<\/p>\n<h3><span class=\"c-theme-font\">Cookie e plug-in di condivisione<\/span><\/h3>\n<p>Su questo sito web sono installati dei plug-in che permettono il collegamento e la condivisione di contenuti con i social network e altre piattaforme esterne. Alcuni di questi sono ben visibili grazie alla presenza di loghi o del nome scritto per intero, \u00e8 il caso dei <span class=\"c-theme-font\"><strong>plug-in di Facebook, YouTube, LinkedIn, Twitter, Google+, Pinterest, Vimeo<\/strong><\/span> e altri simili.<\/p>\n<p>Il clic sul pulsante\/link e la consecutiva attivit\u00e0 di condivisione creano un collegamento tra utente, browser e server, nel quale possono essere raccolti dati dell&#8217;utente riguardo: il sito web, la data e l&#8217;orario in cui avviene l&#8217;azione, l&#8217;indirizzo IP, il browser utilizzato, il device e il sistema operativo. Le informazioni vengono raccolte dal provider del plug-in e possono essere trasmesse anche nel caso l&#8217;utente non sia registrato alla piattaforma in questione. Per evitare che ci\u00f2 accada, \u00e8 possibile disattivare o bloccare l&#8217;uso di script java dal browser in uso in maniera verso i canali interessati o anche verso tutti i canali.<\/p>\n<p>Rientrano in questa sezione:<\/p>\n<ul>\n<li>Pulsanti e widget di Facebook: <a href=\"https:\/\/www.facebook.com\/policies\/cookies\/\" target=\"_blank\" rel=\"noopener\">https:\/\/www.facebook.com\/policies\/cookies\/<\/a><\/li>\n<li>Pulsanti e widget di Twitter: <a href=\"https:\/\/help.twitter.com\/it\/rules-and-policies\/twitter-cookies\" target=\"_blank\" rel=\"noopener\">https:\/\/help.twitter.com\/it\/rules-and-policies\/twitter-cookies<\/a><\/li>\n<li>Pulsanti e widget di LinkedIn: <a href=\"https:\/\/www.linkedin.com\/legal\/cookie-policy\" target=\"_blank\" rel=\"noopener\">https:\/\/www.linkedin.com\/legal\/cookie-policy<\/a><\/li>\n<li>Pulsanti e widget di Pinterest: <a href=\"https:\/\/policy.pinterest.com\/it\/cookies\" target=\"_blank\" rel=\"noopener\">https:\/\/policy.pinterest.com\/it\/cookies<\/a><\/li>\n<li>Pulsanti e widget di Google+: <a href=\"https:\/\/policies.google.com\/technologies\/managing?hl=it\" target=\"_blank\" rel=\"noopener\">https:\/\/policies.google.com\/technologies\/managing?hl=it<\/a><\/li>\n<li>Pulsanti e widget di Vimeo: <a href=\"https:\/\/vimeo.com\/cookie_policy\" target=\"_blank\" rel=\"noopener\">https:\/\/vimeo.com\/cookie_policy<\/a><\/li>\n<\/ul>\n<h3><span class=\"c-theme-font\">AddThis<\/span><\/h3>\n<p>Il servizio, fornito da Clearspring Technologies suddivide i cookie in &#8220;richiesti&#8221;, &#8220;funzionali&#8221; e &#8220;pubblicitari&#8221;. Questi consentono le seguenti funzionalit\u00e0:<\/p>\n<ul>\n<li>Memorizzare i dettagli di accesso e fornire accesso sicuro;<\/li>\n<li>Memorizzare l&#8217;;attivit\u00e0 dell&#8217;;utente o l&#8217;;avanzamento della transazione;<\/li>\n<li>Analizzare l&#8217;;utilizzo del sito per fornire contenuti personalizzati;<\/li>\n<li>Condurre analisi per ottimizzare la funzionalit\u00e0 del sito;<\/li>\n<li>Ricordare cosa c&#8217;\u00e8 nel carrello;<\/li>\n<li>Consentire a terzi di fornire strumenti di condivisione social;<\/li>\n<li>Assicurare che il sito abbia un aspetto coerente;<\/li>\n<li>Fornire all&#8217;;utente offerte o inserzioni pubblicitarie basate sugli interessi personali;<\/li>\n<li>Consentire alle terze parti di proporti annunci pubblicitari basati sugli interessi sui siti non Oracle;<\/li>\n<li>Consentire di condividere pagine con i social network;<\/li>\n<li>Consentire di aggiungere commenti.<\/li>\n<\/ul>\n<p>Tutte le informazioni relative a cookie e preferenze si trovano a questo link: <a href=\"http:\/\/www.addthis.com\/privacy\" target=\"_blank\" rel=\"noopener\"><u>http:\/\/www.addthis.com\/privacy<\/u><\/a><\/p>\n<h4>Sul nostro sito:<\/h4>\n<a href=\"#\" class=\"cn-revoke-cookie cn-button-inline cn-revoke-inline\" title=\"Revoca il consenso\">Revoca il consenso<\/a>\n<p>[\/vc_column_text][\/vc_column][\/vc_row]<\/p>\n<\/div>","protected":false},"excerpt":{"rendered":"<p>[vc_row css=&#8221;.vc_custom_1620828339634{margin-top: 50px !important;margin-bottom: 50px !important;}&#8221;][vc_column][vc_column_text] Normativa sulla privacy e note legali Gentile utente, in questa pagina trovi tutte [&hellip;]<\/p>\n","protected":false},"author":1,"featured_media":0,"parent":0,"menu_order":0,"comment_status":"closed","ping_status":"closed","template":"","meta":{"_monsterinsights_skip_tracking":false,"_monsterinsights_sitenote_active":false,"_monsterinsights_sitenote_note":"","_monsterinsights_sitenote_category":0,"footnotes":""},"class_list":["post-3","page","type-page","status-publish","hentry"],"aioseo_notices":[],"_links":{"self":[{"href":"https:\/\/www.tenutasansavinodellerocchette.it\/en\/wp-json\/wp\/v2\/pages\/3","targetHints":{"allow":["GET"]}}],"collection":[{"href":"https:\/\/www.tenutasansavinodellerocchette.it\/en\/wp-json\/wp\/v2\/pages"}],"about":[{"href":"https:\/\/www.tenutasansavinodellerocchette.it\/en\/wp-json\/wp\/v2\/types\/page"}],"author":[{"embeddable":true,"href":"https:\/\/www.tenutasansavinodellerocchette.it\/en\/wp-json\/wp\/v2\/users\/1"}],"replies":[{"embeddable":true,"href":"https:\/\/www.tenutasansavinodellerocchette.it\/en\/wp-json\/wp\/v2\/comments?post=3"}],"version-history":[{"count":9,"href":"https:\/\/www.tenutasansavinodellerocchette.it\/en\/wp-json\/wp\/v2\/pages\/3\/revisions"}],"predecessor-version":[{"id":5617,"href":"https:\/\/www.tenutasansavinodellerocchette.it\/en\/wp-json\/wp\/v2\/pages\/3\/revisions\/5617"}],"wp:attachment":[{"href":"https:\/\/www.tenutasansavinodellerocchette.it\/en\/wp-json\/wp\/v2\/media?parent=3"}],"curies":[{"name":"wp","href":"https:\/\/api.w.org\/{rel}","templated":true}]}}